{"id":5684,"date":"2025-05-19T10:46:02","date_gmt":"2025-05-19T08:46:02","guid":{"rendered":"https:\/\/desktop-as-a-service.io\/avis-juridique"},"modified":"2025-06-06T16:51:46","modified_gmt":"2025-06-06T14:51:46","slug":"mentions-legales","status":"publish","type":"page","link":"https:\/\/desktop-as-a-service.io\/fr\/mentions-legales","title":{"rendered":"Mentions l\u00e9gales"},"content":{"rendered":"<p>[et_pb_section fb_built=&#8221;1&#8243; admin_label=&#8221;Section&#8221; _builder_version=&#8221;4.27.4&#8243; _module_preset=&#8221;default&#8221; background_enable_color=&#8221;off&#8221; use_background_color_gradient=&#8221;on&#8221; background_color_gradient_direction=&#8221;250deg&#8221; background_color_gradient_stops=&#8221;#3b0c66 0%|#5e17eb 50%|#24003c 100%&#8221; global_colors_info=&#8221;{}&#8221;][et_pb_row _builder_version=&#8221;4.27.4&#8243; _module_preset=&#8221;default&#8221; custom_margin=&#8221;7em|auto|1em|auto|false|false&#8221; custom_margin_tablet=&#8221;7em|auto|1em|auto|false|false&#8221; custom_margin_phone=&#8221;3em|auto|0em|auto|false|false&#8221; custom_margin_last_edited=&#8221;on|tablet&#8221; global_colors_info=&#8221;{}&#8221;][et_pb_column type=&#8221;4_4&#8243; _builder_version=&#8221;4.27.4&#8243; _module_preset=&#8221;default&#8221; global_colors_info=&#8221;{}&#8221;][et_pb_text _builder_version=&#8221;4.27.4&#8243; _module_preset=&#8221;default&#8221; text_font=&#8221;Poppins||||||||&#8221; text_text_color=&#8221;#bfc1c9&#8243; text_font_size=&#8221;16px&#8221; text_line_height=&#8221;1em&#8221; text_orientation=&#8221;center&#8221; custom_margin=&#8221;||15px||false|false&#8221; global_colors_info=&#8221;{}&#8221;]<\/p>\n<p><span>Derni\u00e8re mise \u00e0 jour le 22 mai 2025<\/span><\/p>\n<p>[\/et_pb_text][et_pb_text admin_label=&#8221;Text&#8221; _builder_version=&#8221;4.27.4&#8243; text_font=&#8221;&#8211;et_global_body_font||||||||&#8221; text_text_color=&#8221;#FFFFFF&#8221; text_font_size=&#8221;16px&#8221; header_font=&#8221;Poppins|500|||||||&#8221; header_text_align=&#8221;center&#8221; header_text_color=&#8221;#FFFFFF&#8221; header_font_size=&#8221;32px&#8221; header_2_font=&#8221;&#8211;et_global_body_font|500|||||||&#8221; header_2_text_align=&#8221;left&#8221; header_2_text_color=&#8221;#FFFFFF&#8221; background_size=&#8221;initial&#8221; background_position=&#8221;top_left&#8221; background_repeat=&#8221;repeat&#8221; text_orientation=&#8221;justified&#8221; custom_margin=&#8221;-4px|||||&#8221; hover_enabled=&#8221;0&#8243; custom_css_free_form=&#8221;selector h1, selector h2 {|| text-transform: uppercase;||}&#8221; global_colors_info=&#8221;{}&#8221; sticky_enabled=&#8221;0&#8243;]<\/p>\n<p><!-- divi:paragraph {\"align\":\"left\"} --><\/p>\n<h1 class=\"has-text-align-left\" style=\"text-align: center;\">Mentions l\u00e9gales<\/h1>\n<p><!-- \/divi:paragraph --><\/p>\n<p>[\/et_pb_text][\/et_pb_column][\/et_pb_row][\/et_pb_section][et_pb_section fb_built=&#8221;1&#8243; _builder_version=&#8221;4.27.4&#8243; background_color=&#8221;#09001c&#8221; custom_padding=&#8221;||35px|||&#8221; global_colors_info=&#8221;{}&#8221;][et_pb_row _builder_version=&#8221;4.27.4&#8243; _module_preset=&#8221;37ee081e-e03a-4329-a115-10931c0ae45d&#8221; background_size=&#8221;initial&#8221; background_position=&#8221;top_left&#8221; background_repeat=&#8221;repeat&#8221; custom_margin=&#8221;|auto|-0.3%|auto|false|false&#8221; custom_padding=&#8221;|||2px||&#8221; global_colors_info=&#8221;{}&#8221;][et_pb_column type=&#8221;4_4&#8243; _builder_version=&#8221;4.27.4&#8243; custom_padding=&#8221;|||&#8221; global_colors_info=&#8221;{}&#8221; custom_padding__hover=&#8221;|||&#8221;][et_pb_text _builder_version=&#8221;4.27.4&#8243; text_font=&#8221;&#8211;et_global_body_font||||||||&#8221; text_text_color=&#8221;#bfc1c9&#8243; text_font_size=&#8221;16px&#8221; link_font=&#8221;||||on||||&#8221; link_text_color=&#8221;#7f5af0&#8243; header_font=&#8221;&#8211;et_global_body_font|500|||||||&#8221; header_text_align=&#8221;left&#8221; header_text_color=&#8221;#FFFFFF&#8221; header_2_font=&#8221;&#8211;et_global_body_font|500|||||||&#8221; header_2_text_align=&#8221;left&#8221; header_2_text_color=&#8221;#FFFFFF&#8221; background_size=&#8221;initial&#8221; background_position=&#8221;top_left&#8221; background_repeat=&#8221;repeat&#8221; custom_css_free_form=&#8221;selector h1, selector h2 {|| text-transform: uppercase;||}&#8221; global_colors_info=&#8221;{}&#8221;]<\/p>\n<p><!-- divi:paragraph {\"align\":\"left\"} --><\/p>\n<p class=\"has-text-align-left\">Conform\u00e9ment aux dispositions des articles 6-III et 19 de la loi n\u00b0 2004-575 du 21 juin 2004 pour la confiance dans l&#8217;\u00e9conomie num\u00e9rique, dite LCEN, les utilisateurs et visiteurs du site <a href=\"https:\/\/desktop-as-a-service.io\/fr\">https:\/\/desktop-as-a-service.io\/<\/a> sont inform\u00e9s de la pr\u00e9sente mention l\u00e9gale.<\/p>\n<p><!-- divi:heading {\"level\":3} --><\/p>\n<h2 class=\"wp-block-heading\">Editeur du site<\/h2>\n<p><!-- \/divi:heading -->Le site <a href=\"https:\/\/desktop-as-a-service.io\/fr\">https:\/\/desktop-as-a-service.io\/<\/a> est \u00e9dit\u00e9 par :<br \/>Nom de la soci\u00e9t\u00e9 : AMBIENT IT<br \/>Adresse : 140 avenue Jean Lolive 93500 Pantin<br \/>T\u00e9l\u00e9phone : +33 1 48 10 09 46<br \/>Email : <a href=\"mailto:support@desktop-as-a-service.io\">support@desktop-as-a-service.io<\/a><br \/>SIREN : 812271013<br \/>SIRET : 81227101300045<br \/>Directeur de la publication : M. J\u00e9r\u00e9mie BALDY, PDG<\/p>\n<p><!-- divi:heading {\"level\":3} --><\/p>\n<h2 class=\"wp-block-heading\">H\u00e9bergement<\/h2>\n<p><!-- \/divi:heading -->Le site est h\u00e9berg\u00e9 par :<br \/>H\u00e9bergeur : <a href=\"https:\/\/www.ikoula.com\/fr\/conditions-utilisations\" target=\"_blank\" rel=\"noopener\">IKOULA<\/a><br \/>Adresse de l&#8217;h\u00e9bergeur : <span>175-177 rue d&#8217;Aguesseau 92100 Boulogne Billancourt, France<\/span><\/p>\n<p><!-- divi:heading {\"level\":3} --><\/p>\n<h2 class=\"wp-block-heading\">Propri\u00e9t\u00e9 intellectuelle<\/h2>\n<p><!-- \/divi:heading -->L&#8217;ensemble du contenu du site (textes, images, vid\u00e9os, logos, etc.) est prot\u00e9g\u00e9 par le droit d&#8217;auteur et reste la propri\u00e9t\u00e9 exclusive d&#8217;AMBIENT IT, sauf mention contraire.<br \/>Toute reproduction, distribution, modification, adaptation, retransmission ou publication, m\u00eame partielle, de ces diff\u00e9rents \u00e9l\u00e9ments est strictement interdite sans l&#8217;accord \u00e9crit de l&#8217;\u00e9diteur.<\/p>\n<p><!-- divi:heading {\"level\":3} --><\/p>\n<h2 class=\"wp-block-heading\">Responsabilit\u00e9<\/h2>\n<p><!-- \/divi:heading -->L&#8217;\u00e9diteur s&#8217;efforce d&#8217;assurer l&#8217;exactitude et la mise \u00e0 jour des informations diffus\u00e9es sur le site, mais ne peut garantir l&#8217;exactitude, la compl\u00e9tude, l&#8217;actualit\u00e9 des informations diffus\u00e9es.<br \/>L&#8217;utilisateur est seul responsable de l&#8217;usage qu&#8217;il fait du site et des informations qu&#8217;il contient.<\/p>\n<p><!-- divi:heading {\"level\":3} --><\/p>\n<h2 class=\"wp-block-heading\">Donn\u00e9es personnelles<\/h2>\n<p><!-- \/divi:heading -->Les informations collect\u00e9es par le biais des formulaires pr\u00e9sents sur ce site sont destin\u00e9es exclusivement \u00e0 DESKTOP AS A SERVICE, pour les besoins de la relation avec l&#8217;utilisateur.<br \/>Conform\u00e9ment au R\u00e8glement G\u00e9n\u00e9ral sur la Protection des Donn\u00e9es (RGPD), vous disposez d&#8217;un droit d&#8217;acc\u00e8s, de rectification, d&#8217;opposition et de suppression de vos donn\u00e9es. Pour l&#8217;exercer, adressez un courrier \u00e0 l&#8217;adresse suivante :<br \/>AMBIENT IT<br \/>140 avenue Jean Lolive<br \/>93500 Pantin <\/p>\n<p><!-- divi:heading {\"level\":3} --><\/p>\n<h2 class=\"wp-block-heading\">Cookies<\/h2>\n<p><!-- \/divi:heading -->Lors de vos visites sur le site <a href=\"https:\/\/desktop-as-a-service.io\/fr\">https:\/\/desktop-as-a-service.io\/<\/a>, des informations relatives \u00e0 votre navigation sont susceptibles d&#8217;\u00eatre enregistr\u00e9es dans des fichiers &#8220;cookies&#8221; install\u00e9s sur votre terminal, sous r\u00e9serve de vos choix en mati\u00e8re de cookies, afin d&#8217;optimiser votre exp\u00e9rience sur ce site et de vous proposer des offres adapt\u00e9es \u00e0 vos centres d&#8217;int\u00e9r\u00eat.<\/p>\n<p>Vous \u00eates libre d&#8217;accepter ou de refuser les cookies en configurant votre navigateur (d\u00e9sactiver tout ou partie des cookies &#8211; voir le manuel ou la fonction d&#8217;aide de votre navigateur). La d\u00e9sactivation des cookies peut entra\u00eener l&#8217;indisponibilit\u00e9 de certains services auxquels ils sont associ\u00e9s. Elle n&#8217;emp\u00eache pas l&#8217;acc\u00e8s aux zones non r\u00e9serv\u00e9es du site.  <\/p>\n<p><!-- \/divi:paragraph -->Pour en savoir plus sur les cookies et leur gestion, vous pouvez consulter le site de la Commission Nationale de l&#8217;Informatique et des Libert\u00e9s <a href=\"https:\/\/www.cnil.fr\/fr\/cookies-et-autres-traceurs\/comment-se-proteger\/maitriser-votre-navigateur\" target=\"_blank\" rel=\"noopener\">: https:\/\/www.cnil.fr\/fr\/cookies-et-autres-traceurs\/comment-se-proteger\/maitriser-votre-navigateur,<\/a> ou l&#8217;option \u00ab Aide \u00bb du menu de votre navigateur.<\/p>\n<p>Vous \u00eates libre de refuser les cookies inutiles (notamment les cookies publicitaires et de remarketing). Ces cookies ne seront jamais d\u00e9pos\u00e9s sans votre consentement. Vous pouvez refuser ces cookies en cliquant sur \u00ab G\u00e9rer mes pr\u00e9f\u00e9rences \u00bb ; ils sont d\u00e9sactiv\u00e9s par d\u00e9faut.  <\/p>\n<p>Concernant les cookies de Google Analytics. Conform\u00e9ment \u00e0 l&#8217;article 82 de la loi Informatique et Libert\u00e9s, les cookies de Google Analytics sont utilis\u00e9s uniquement pour mesurer notre audience et collecter des donn\u00e9es statistiques n\u00e9cessaires \u00e0 l&#8217;optimisation des performances de notre site (donn\u00e9es telles que le temps pass\u00e9 sur chaque page, le taux de rebond, la profondeur de d\u00e9filement par page et agr\u00e9g\u00e9es sur une base journali\u00e8re). <\/p>\n<p>Vos interactions (clics, s\u00e9lections) sont suivies de mani\u00e8re anonyme. Nous nous engageons \u00e0 ne pas transmettre de donn\u00e9es personnelles \u00e0 Google Analytics. Nous nous engageons \u00e0 ne pas recibler les visiteurs qui n&#8217;ont pas consenti au suivi de Google Analytics \u00e0 des fins de remarketing.  <\/p>\n<p>Pour plus d&#8217;informations sur les cookies exempt\u00e9s de consentement, veuillez consulter la <a href=\"https:\/\/www.cnil.fr\/fr\/cookies-et-autres-traceurs\/regles\/cookies-solutions-pour-les-outils-de-mesure-daudience\" target=\"_blank\" rel=\"noopener\">documentation officielle de la CNIL<\/a>.<\/p>\n<p>&nbsp;<\/p>\n<p><!-- \/divi:paragraph --><\/p>\n<p>[\/et_pb_text][\/et_pb_column][\/et_pb_row][\/et_pb_section]<\/p>\n","protected":false},"excerpt":{"rendered":"<p>Derni\u00e8re mise \u00e0 jour le 22 mai 2025 Mentions l\u00e9gales Conform\u00e9ment aux dispositions des articles 6-III et 19 de la loi n\u00b0 2004-575 du 21 juin 2004 pour la confiance dans l&#8217;\u00e9conomie num\u00e9rique, dite LCEN, les utilisateurs et visiteurs du site https:\/\/desktop-as-a-service.io\/ sont inform\u00e9s de la pr\u00e9sente mention l\u00e9gale. Editeur du site Le site https:\/\/desktop-as-a-service.io\/ est \u00e9dit\u00e9 par :Nom de la soci\u00e9t\u00e9 : AMBIENT ITAdresse : 140 avenue Jean Lolive 93500 PantinT\u00e9l\u00e9phone : +33 1 48 10 09 46Email : support@desktop-as-a-service.ioSIREN : 812271013SIRET : 81227101300045Directeur de la publication : M. J\u00e9r\u00e9mie BALDY, PDG H\u00e9bergement Le site est h\u00e9berg\u00e9 par :H\u00e9bergeur : IKOULAAdresse de l&#8217;h\u00e9bergeur : 175-177 rue d&#8217;Aguesseau 92100 Boulogne Billancourt, France Propri\u00e9t\u00e9 intellectuelle L&#8217;ensemble du contenu du site (textes, images, vid\u00e9os, logos, etc.) est prot\u00e9g\u00e9 par le droit d&#8217;auteur et reste la propri\u00e9t\u00e9 exclusive d&#8217;AMBIENT IT, sauf mention contraire.Toute reproduction, distribution, modification, adaptation, retransmission ou publication, m\u00eame partielle, de ces diff\u00e9rents \u00e9l\u00e9ments est strictement interdite sans l&#8217;accord \u00e9crit de l&#8217;\u00e9diteur. Responsabilit\u00e9 L&#8217;\u00e9diteur s&#8217;efforce d&#8217;assurer l&#8217;exactitude et la mise \u00e0 jour des informations diffus\u00e9es sur le site, mais ne peut garantir l&#8217;exactitude, la compl\u00e9tude, l&#8217;actualit\u00e9 des informations diffus\u00e9es.L&#8217;utilisateur est seul responsable de l&#8217;usage qu&#8217;il fait du site et des informations [&hellip;]<\/p>\n","protected":false},"author":10,"featured_media":0,"parent":0,"menu_order":0,"comment_status":"closed","ping_status":"closed","template":"","meta":{"_et_pb_use_builder":"on","_et_pb_old_content":"","_et_gb_content_width":"","inline_featured_image":false,"footnotes":""},"class_list":["post-5684","page","type-page","status-publish","hentry"],"_links":{"self":[{"href":"https:\/\/desktop-as-a-service.io\/fr\/wp-json\/wp\/v2\/pages\/5684","targetHints":{"allow":["GET"]}}],"collection":[{"href":"https:\/\/desktop-as-a-service.io\/fr\/wp-json\/wp\/v2\/pages"}],"about":[{"href":"https:\/\/desktop-as-a-service.io\/fr\/wp-json\/wp\/v2\/types\/page"}],"author":[{"embeddable":true,"href":"https:\/\/desktop-as-a-service.io\/fr\/wp-json\/wp\/v2\/users\/10"}],"replies":[{"embeddable":true,"href":"https:\/\/desktop-as-a-service.io\/fr\/wp-json\/wp\/v2\/comments?post=5684"}],"version-history":[{"count":14,"href":"https:\/\/desktop-as-a-service.io\/fr\/wp-json\/wp\/v2\/pages\/5684\/revisions"}],"predecessor-version":[{"id":7068,"href":"https:\/\/desktop-as-a-service.io\/fr\/wp-json\/wp\/v2\/pages\/5684\/revisions\/7068"}],"wp:attachment":[{"href":"https:\/\/desktop-as-a-service.io\/fr\/wp-json\/wp\/v2\/media?parent=5684"}],"curies":[{"name":"wp","href":"https:\/\/api.w.org\/{rel}","templated":true}]}}